{"id":636,"date":"2025-08-20T10:48:54","date_gmt":"2025-08-20T08:48:54","guid":{"rendered":"https:\/\/www.aikido-laciotat.fr\/?page_id=636"},"modified":"2025-09-02T18:57:02","modified_gmt":"2025-09-02T16:57:02","slug":"tarifs-et-inscriptions","status":"publish","type":"page","link":"https:\/\/www.aikido-laciotat.fr\/?page_id=636","title":{"rendered":"Tarifs et Inscriptions"},"content":{"rendered":"<div class=\"wp-block-image\">\n<figure class=\"aligncenter size-full is-resized\"><img loading=\"lazy\" decoding=\"async\" width=\"250\" height=\"250\" src=\"https:\/\/www.aikido-laciotat.fr\/wp-content\/uploads\/2025\/08\/cropped-Logo_Aikido_Club_Ciotaden-removebg-preview.png\" alt=\"logo avec titre\" class=\"wp-image-633\" style=\"width:162px;height:auto\" srcset=\"https:\/\/www.aikido-laciotat.fr\/wp-content\/uploads\/2025\/08\/cropped-Logo_Aikido_Club_Ciotaden-removebg-preview.png 250w, https:\/\/www.aikido-laciotat.fr\/wp-content\/uploads\/2025\/08\/cropped-Logo_Aikido_Club_Ciotaden-removebg-preview-150x150.png 150w, https:\/\/www.aikido-laciotat.fr\/wp-content\/uploads\/2025\/08\/cropped-Logo_Aikido_Club_Ciotaden-removebg-preview-100x100.png 100w\" sizes=\"auto, (max-width: 250px) 100vw, 250px\" \/><\/figure>\n<\/div>\n\n\n<div style=\"height:40px\" aria-hidden=\"true\" class=\"wp-block-spacer\"><\/div>\n\n\n\n<p class=\"has-text-align-center has-medium-font-size\">Les cours adultes sont accessibles \u00e0 partir de 15 ans.<br>Les cours juniors de 10 \u00e0 17 ans.<\/p>\n\n\n\n<p class=\"has-text-align-center has-medium-font-size\">La cotisation comprend la licence et les cours :<br>Tarif : <strong>230 \u20ac<\/strong><br>Tarif r\u00e9duit : <strong>150 \u20ac<\/strong><br>(mineurs, \u00e9tudiants, RSA, &#8230; )<\/p>\n\n\n\n<p class=\"has-text-align-center has-medium-font-size\">Pour un cours d&rsquo;essai, venez en simple tenue de sport.<\/p>\n\n\n\n<div style=\"height:40px\" aria-hidden=\"true\" class=\"wp-block-spacer\"><\/div>\n\n\n<div class=\"wp-block-image\">\n<figure class=\"aligncenter size-full is-resized\"><img loading=\"lazy\" decoding=\"async\" width=\"426\" height=\"600\" src=\"https:\/\/www.aikido-laciotat.fr\/wp-content\/uploads\/2023\/08\/7c9e64e48fd1682a1397bb54fc39bf8d-2.jpg\" alt=\"O sensei\" class=\"wp-image-337\" style=\"width:152px;height:auto\" srcset=\"https:\/\/www.aikido-laciotat.fr\/wp-content\/uploads\/2023\/08\/7c9e64e48fd1682a1397bb54fc39bf8d-2.jpg 426w, https:\/\/www.aikido-laciotat.fr\/wp-content\/uploads\/2023\/08\/7c9e64e48fd1682a1397bb54fc39bf8d-2-213x300.jpg 213w\" sizes=\"auto, (max-width: 426px) 100vw, 426px\" \/><\/figure>\n<\/div>\n\n\n<div style=\"height:40px\" aria-hidden=\"true\" class=\"wp-block-spacer\"><\/div>\n\n\n\n<p class=\"has-text-align-center has-medium-font-size\">Un certificat m\u00e9dical d&rsquo;aptitude \u00e0 la pratique de l&rsquo;A\u00efkido est n\u00e9cessaire.<br>Vous pouvez aussi t\u00e9l\u00e9charger et remplir deux documents<br>qui remplacent le certificat m\u00e9dical :<br><a href=\"https:\/\/www.fsgt.org\/affiliation\/certificat-medical-non-contre-indication\/\"><strong>le questionnaire et l&rsquo;attestation sur l&rsquo;honneur sur le site de la FSGT.<\/strong><\/a><\/p>\n\n\n\n<div style=\"height:40px\" aria-hidden=\"true\" class=\"wp-block-spacer\"><\/div>\n\n\n<div class=\"wp-block-image\">\n<figure class=\"aligncenter size-full is-resized\"><a href=\"https:\/\/www.fsgt.org\/affiliation\/certificat-medical-non-contre-indication\/\"><img loading=\"lazy\" decoding=\"async\" width=\"251\" height=\"200\" src=\"https:\/\/www.aikido-laciotat.fr\/wp-content\/uploads\/2023\/10\/FSGT.png\" alt=\"logo FSGT\" class=\"wp-image-460\" style=\"width:175px;height:auto\"\/><\/a><\/figure>\n<\/div>\n\n\n<p class=\"has-text-align-center has-medium-font-size\"><strong>Cliquez sur le logo FSGT ci-dessus pour t\u00e9l\u00e9charger les attestations et les questionnaires pour les majeurs ou les mineurs.<\/strong><\/p>\n","protected":false},"excerpt":{"rendered":"<p>Les cours adultes sont accessibles \u00e0 partir de 15 ans.Les cours juniors de 10 \u00e0 17 ans. La cotisation comprend la licence et les cours :Tarif : 230 \u20acTarif r\u00e9duit : 150 \u20ac(mineurs, \u00e9tudiants, RSA, &#8230; ) Pour un cours d&rsquo;essai, venez en simple tenue de sport. Un certificat m\u00e9dical d&rsquo;aptitude \u00e0 la pratique de &hellip; <\/p>\n<p class=\"link-more\"><a href=\"https:\/\/www.aikido-laciotat.fr\/?page_id=636\" class=\"more-link\">Continuer la lecture<span class=\"screen-reader-text\"> de &laquo;&nbsp;Tarifs et Inscriptions&nbsp;&raquo;<\/span><\/a><\/p>\n","protected":false},"author":2,"featured_media":0,"parent":0,"menu_order":0,"comment_status":"closed","ping_status":"closed","template":"","meta":{"footnotes":""},"class_list":["post-636","page","type-page","status-publish","hentry"],"_links":{"self":[{"href":"https:\/\/www.aikido-laciotat.fr\/index.php?rest_route=\/wp\/v2\/pages\/636","targetHints":{"allow":["GET"]}}],"collection":[{"href":"https:\/\/www.aikido-laciotat.fr\/index.php?rest_route=\/wp\/v2\/pages"}],"about":[{"href":"https:\/\/www.aikido-laciotat.fr\/index.php?rest_route=\/wp\/v2\/types\/page"}],"author":[{"embeddable":true,"href":"https:\/\/www.aikido-laciotat.fr\/index.php?rest_route=\/wp\/v2\/users\/2"}],"replies":[{"embeddable":true,"href":"https:\/\/www.aikido-laciotat.fr\/index.php?rest_route=%2Fwp%2Fv2%2Fcomments&post=636"}],"version-history":[{"count":8,"href":"https:\/\/www.aikido-laciotat.fr\/index.php?rest_route=\/wp\/v2\/pages\/636\/revisions"}],"predecessor-version":[{"id":729,"href":"https:\/\/www.aikido-laciotat.fr\/index.php?rest_route=\/wp\/v2\/pages\/636\/revisions\/729"}],"wp:attachment":[{"href":"https:\/\/www.aikido-laciotat.fr\/index.php?rest_route=%2Fwp%2Fv2%2Fmedia&parent=636"}],"curies":[{"name":"wp","href":"https:\/\/api.w.org\/{rel}","templated":true}]}}