{"id":626,"date":"2025-08-20T10:38:17","date_gmt":"2025-08-20T08:38:17","guid":{"rendered":"https:\/\/www.aikido-laciotat.fr\/?page_id=626"},"modified":"2025-10-08T12:28:50","modified_gmt":"2025-10-08T10:28:50","slug":"les-cours-2","status":"publish","type":"page","link":"https:\/\/www.aikido-laciotat.fr\/?page_id=626","title":{"rendered":"Les Cours"},"content":{"rendered":"<div class=\"wp-block-image\">\n<figure class=\"aligncenter size-full is-resized\"><img loading=\"lazy\" decoding=\"async\" width=\"390\" height=\"640\" src=\"https:\/\/www.aikido-laciotat.fr\/wp-content\/uploads\/2025\/09\/ae1adfedbde1fcac21bcbf8cd09cbb29-removebg-preview.png\" alt=\"\" class=\"wp-image-736\" style=\"width:156px;height:auto\" srcset=\"https:\/\/www.aikido-laciotat.fr\/wp-content\/uploads\/2025\/09\/ae1adfedbde1fcac21bcbf8cd09cbb29-removebg-preview.png 390w, https:\/\/www.aikido-laciotat.fr\/wp-content\/uploads\/2025\/09\/ae1adfedbde1fcac21bcbf8cd09cbb29-removebg-preview-183x300.png 183w\" sizes=\"auto, (max-width: 390px) 100vw, 390px\" \/><\/figure>\n<\/div>\n\n\n<p class=\"has-text-align-center has-medium-font-size\"><strong>Le lundi et le jeudi de 19h30 \u00e0 21h00 pour les adultes<\/strong>.<\/p>\n\n\n\n<p class=\"has-text-align-center has-medium-font-size\"><strong>Le mardi de 18h30 \u00e0 20h00 pour les juniors.<\/strong><\/p>\n\n\n\n<div style=\"height:40px\" aria-hidden=\"true\" class=\"wp-block-spacer\"><\/div>\n\n\n\n<p class=\"has-text-align-center has-medium-font-size\">Le Dojo se situe :<\/p>\n\n\n\n<p class=\"has-text-align-center has-medium-font-size\"><strong><a href=\"https:\/\/www.google.com\/maps\/place\/Club+d'A%C3%AFkido+de+La+Ciotat\/@43.1946607,5.6115695,17z\/data=!4m10!1m2!2m1!1sClub+d'A%C3%AFkido+de+La+Ciotat,+Gymnase+des+Matagots+Complexe+Omnisport+Ren%C3%A9+Canezi,+Av.+Guillaume+Dulac,+13600+La+Ciotat!3m6!1s0x12c9a51dcde3d989:0xaffcaf8e8322f8d8!8m2!3d43.1945903!4d5.6144558!15sCndDbHViIGQnQcOva2lkbyBkZSBMYSBDaW90YXQsIEd5bW5hc2UgZGVzIE1hdGFnb3RzIENvbXBsZXhlIE9tbmlzcG9ydCBSZW7DqSBDYW5lemksIEF2LiBHdWlsbGF1bWUgRHVsYWMsIDEzNjAwIExhIENpb3RhdFp1InNjbHViIGQgYcOva2lkbyBkZSBsYSBjaW90YXQgZ3ltbmFzZSBkZXMgbWF0YWdvdHMgY29tcGxleGUgb21uaXNwb3J0IHJlbsOpIGNhbmV6aSBhdiBndWlsbGF1bWUgZHVsYWMgMTM2MDAgbGEgY2lvdGF0kgELc3BvcnRzX2NsdWKqAbcBCg0vZy8xMXYwcHJsdGJuEAEqCyIHZ3ltbmFzZSgEMh4QASIaBIJJMxFh6a1OLS98lQydQqFpdHPuZhd5A4YydxACInNjbHViIGQgYcOva2lkbyBkZSBsYSBjaW90YXQgZ3ltbmFzZSBkZXMgbWF0YWdvdHMgY29tcGxleGUgb21uaXNwb3J0IHJlbsOpIGNhbmV6aSBhdiBndWlsbGF1bWUgZHVsYWMgMTM2MDAgbGEgY2lvdGF04AEA!16s%2Fg%2F11v0prltbn?entry=ttu&amp;g_ep=EgoyMDI1MDgyNS4wIKXMDSoASAFQAw%3D%3D\">Gymnase des Matagots<br>Complexe Omnisport Ren\u00e9 Canezi<br>Avenue Guillaume Dulac<br>13600 La Ciotat<\/a><\/strong><\/p>\n\n\n<div class=\"wp-block-image wp-duotone-unset-1\">\n<figure class=\"aligncenter size-large is-resized\"><a href=\"https:\/\/www.google.com\/maps\/place\/Club+d'A%C3%AFkido+de+La+Ciotat\/@43.1946607,5.6115695,17z\/data=!4m10!1m2!2m1!1sClub+d'A%C3%AFkido+de+La+Ciotat,+Gymnase+des+Matagots+Complexe+Omnisport+Ren%C3%A9+Canezi,+Av.+Guillaume+Dulac,+13600+La+Ciotat!3m6!1s0x12c9a51dcde3d989:0xaffcaf8e8322f8d8!8m2!3d43.1945903!4d5.6144558!15sCndDbHViIGQnQcOva2lkbyBkZSBMYSBDaW90YXQsIEd5bW5hc2UgZGVzIE1hdGFnb3RzIENvbXBsZXhlIE9tbmlzcG9ydCBSZW7DqSBDYW5lemksIEF2LiBHdWlsbGF1bWUgRHVsYWMsIDEzNjAwIExhIENpb3RhdFp1InNjbHViIGQgYcOva2lkbyBkZSBsYSBjaW90YXQgZ3ltbmFzZSBkZXMgbWF0YWdvdHMgY29tcGxleGUgb21uaXNwb3J0IHJlbsOpIGNhbmV6aSBhdiBndWlsbGF1bWUgZHVsYWMgMTM2MDAgbGEgY2lvdGF0kgELc3BvcnRzX2NsdWKqAbcBCg0vZy8xMXYwcHJsdGJuEAEqCyIHZ3ltbmFzZSgEMh4QASIaBIJJMxFh6a1OLS98lQydQqFpdHPuZhd5A4YydxACInNjbHViIGQgYcOva2lkbyBkZSBsYSBjaW90YXQgZ3ltbmFzZSBkZXMgbWF0YWdvdHMgY29tcGxleGUgb21uaXNwb3J0IHJlbsOpIGNhbmV6aSBhdiBndWlsbGF1bWUgZHVsYWMgMTM2MDAgbGEgY2lvdGF04AEA!16s%2Fg%2F11v0prltbn?entry=ttu&amp;g_ep=EgoyMDI1MDgyNS4wIKXMDSoASAFQAw%3D%3D\"><img loading=\"lazy\" decoding=\"async\" width=\"1024\" height=\"856\" src=\"https:\/\/www.aikido-laciotat.fr\/wp-content\/uploads\/2025\/09\/plan-aiki-ciotat-1024x856.png\" alt=\"\" class=\"wp-image-722\" style=\"width:360px;height:auto\" srcset=\"https:\/\/www.aikido-laciotat.fr\/wp-content\/uploads\/2025\/09\/plan-aiki-ciotat-1024x856.png 1024w, https:\/\/www.aikido-laciotat.fr\/wp-content\/uploads\/2025\/09\/plan-aiki-ciotat-300x251.png 300w, https:\/\/www.aikido-laciotat.fr\/wp-content\/uploads\/2025\/09\/plan-aiki-ciotat-768x642.png 768w, https:\/\/www.aikido-laciotat.fr\/wp-content\/uploads\/2025\/09\/plan-aiki-ciotat.png 1110w\" sizes=\"auto, (max-width: 706px) 89vw, (max-width: 767px) 82vw, 740px\" \/><\/a><\/figure>\n<\/div>\n\n\n<div style=\"height:40px\" aria-hidden=\"true\" class=\"wp-block-spacer\"><\/div>\n\n\n\n<div class=\"wp-block-group\"><div class=\"wp-block-group__inner-container is-layout-constrained wp-block-group-is-layout-constrained\">\n<div class=\"wp-block-columns is-layout-flex wp-container-core-columns-is-layout-9d6595d7 wp-block-columns-is-layout-flex\">\n<div class=\"wp-block-column is-layout-flow wp-block-column-is-layout-flow\">\n<div class=\"wp-block-columns is-layout-flex wp-container-core-columns-is-layout-9d6595d7 wp-block-columns-is-layout-flex\">\n<div class=\"wp-block-column is-layout-flow wp-block-column-is-layout-flow\">\n<p class=\"has-text-align-center has-medium-font-size\">Les cours du <strong>lundi et jeudi<\/strong> ont lieu toute l&rsquo;ann\u00e9e<br>sauf pendant les vacances de <strong>No\u00ebl et d&rsquo;\u00e9t\u00e9<\/strong>.<br><br>Le cours du <strong>mardi<\/strong> (junior) est suspendu<br>pendant <strong>toutes les vacances scolaires<\/strong>.<\/p>\n<\/div>\n<\/div>\n<\/div>\n<\/div>\n<\/div><\/div>\n\n\n<div class=\"wp-block-image\">\n<figure class=\"aligncenter size-full is-resized\"><img loading=\"lazy\" decoding=\"async\" width=\"250\" height=\"250\" src=\"https:\/\/www.aikido-laciotat.fr\/wp-content\/uploads\/2025\/08\/cropped-Logo_Aikido_Club_Ciotaden-removebg-preview.png\" alt=\"logo avec titre\" class=\"wp-image-633\" style=\"width:166px;height:auto\" srcset=\"https:\/\/www.aikido-laciotat.fr\/wp-content\/uploads\/2025\/08\/cropped-Logo_Aikido_Club_Ciotaden-removebg-preview.png 250w, https:\/\/www.aikido-laciotat.fr\/wp-content\/uploads\/2025\/08\/cropped-Logo_Aikido_Club_Ciotaden-removebg-preview-150x150.png 150w, https:\/\/www.aikido-laciotat.fr\/wp-content\/uploads\/2025\/08\/cropped-Logo_Aikido_Club_Ciotaden-removebg-preview-100x100.png 100w\" sizes=\"auto, (max-width: 250px) 100vw, 250px\" \/><\/figure>\n<\/div>","protected":false},"excerpt":{"rendered":"<p>Le lundi et le jeudi de 19h30 \u00e0 21h00 pour les adultes. Le mardi de 18h30 \u00e0 20h00 pour les juniors. Le Dojo se situe : Gymnase des MatagotsComplexe Omnisport Ren\u00e9 CaneziAvenue Guillaume Dulac13600 La Ciotat Les cours du lundi et jeudi ont lieu toute l&rsquo;ann\u00e9esauf pendant les vacances de No\u00ebl et d&rsquo;\u00e9t\u00e9. Le cours &hellip; <\/p>\n<p class=\"link-more\"><a href=\"https:\/\/www.aikido-laciotat.fr\/?page_id=626\" class=\"more-link\">Continuer la lecture<span class=\"screen-reader-text\"> de &laquo;&nbsp;Les Cours&nbsp;&raquo;<\/span><\/a><\/p>\n","protected":false},"author":2,"featured_media":0,"parent":0,"menu_order":0,"comment_status":"closed","ping_status":"closed","template":"","meta":{"footnotes":""},"class_list":["post-626","page","type-page","status-publish","hentry"],"_links":{"self":[{"href":"https:\/\/www.aikido-laciotat.fr\/index.php?rest_route=\/wp\/v2\/pages\/626","targetHints":{"allow":["GET"]}}],"collection":[{"href":"https:\/\/www.aikido-laciotat.fr\/index.php?rest_route=\/wp\/v2\/pages"}],"about":[{"href":"https:\/\/www.aikido-laciotat.fr\/index.php?rest_route=\/wp\/v2\/types\/page"}],"author":[{"embeddable":true,"href":"https:\/\/www.aikido-laciotat.fr\/index.php?rest_route=\/wp\/v2\/users\/2"}],"replies":[{"embeddable":true,"href":"https:\/\/www.aikido-laciotat.fr\/index.php?rest_route=%2Fwp%2Fv2%2Fcomments&post=626"}],"version-history":[{"count":14,"href":"https:\/\/www.aikido-laciotat.fr\/index.php?rest_route=\/wp\/v2\/pages\/626\/revisions"}],"predecessor-version":[{"id":756,"href":"https:\/\/www.aikido-laciotat.fr\/index.php?rest_route=\/wp\/v2\/pages\/626\/revisions\/756"}],"wp:attachment":[{"href":"https:\/\/www.aikido-laciotat.fr\/index.php?rest_route=%2Fwp%2Fv2%2Fmedia&parent=626"}],"curies":[{"name":"wp","href":"https:\/\/api.w.org\/{rel}","templated":true}]}}