{"id":596,"date":"2025-07-25T18:34:53","date_gmt":"2025-07-25T16:34:53","guid":{"rendered":"https:\/\/www.aikido-laciotat.fr\/?page_id=596"},"modified":"2025-10-08T12:38:43","modified_gmt":"2025-10-08T10:38:43","slug":"aikido-junior","status":"publish","type":"page","link":"https:\/\/www.aikido-laciotat.fr\/?page_id=596","title":{"rendered":"A\u00efkido Junior (10 &#8211; 17 ans)"},"content":{"rendered":"<div class=\"wp-block-image\">\n<figure class=\"aligncenter size-full is-resized\"><img loading=\"lazy\" decoding=\"async\" width=\"500\" height=\"500\" src=\"https:\/\/www.aikido-laciotat.fr\/wp-content\/uploads\/2025\/07\/Design-sans-titre-1.png\" alt=\"logo BIK avec personnages de style manga\" class=\"wp-image-597\" style=\"width:394px;height:auto\" srcset=\"https:\/\/www.aikido-laciotat.fr\/wp-content\/uploads\/2025\/07\/Design-sans-titre-1.png 500w, https:\/\/www.aikido-laciotat.fr\/wp-content\/uploads\/2025\/07\/Design-sans-titre-1-300x300.png 300w, https:\/\/www.aikido-laciotat.fr\/wp-content\/uploads\/2025\/07\/Design-sans-titre-1-150x150.png 150w, https:\/\/www.aikido-laciotat.fr\/wp-content\/uploads\/2025\/07\/Design-sans-titre-1-100x100.png 100w\" sizes=\"auto, (max-width: 500px) 100vw, 500px\" \/><\/figure>\n<\/div>\n\n\n<div style=\"height:40px\" aria-hidden=\"true\" class=\"wp-block-spacer\"><\/div>\n\n\n\n<p class=\"has-text-align-center has-medium-font-size\">Bienvenue aux jeunes pratiquants d&rsquo;A\u00efkido !<br><br>En A\u00efkido, <strong>pas d&rsquo;opposition ni comp\u00e9tition<\/strong>,<br>nous travaillons \u00e0 nous am\u00e9liorer avec l&rsquo;aide de nos partenaires.<br><br>Le cours Junior se d\u00e9roule le<strong> mardi de 18h30 \u00e0 20h00<\/strong><br>et accueille les pratiquants de <strong>10 ans \u00e0 17 ans<\/strong>.<br>Pour les 15 &#8211; 17 ans, vous \u00eates bienvenus au cours adultes,<br>le lundi et le jeudi de 19h30 \u00e0 21h00.<\/p>\n\n\n\n<p class=\"has-text-align-center has-medium-font-size\"><br>La cotisation pour les mineurs est de <strong>150 \u20ac<\/strong>.<br>Le club est partenaire de la carte CJeunes et du Pass&rsquo; Sport.<br><br>Les cours Juniors s&rsquo;arr\u00eatent pendant les vacances scolaires.<\/p>\n\n\n\n<p class=\"has-text-align-center has-medium-font-size\">Places limit\u00e9es.<\/p>\n\n\n\n<div style=\"height:40px\" aria-hidden=\"true\" class=\"wp-block-spacer\"><\/div>\n\n\n<div class=\"wp-block-image\">\n<figure class=\"aligncenter size-full is-resized\"><img loading=\"lazy\" decoding=\"async\" width=\"250\" height=\"250\" src=\"https:\/\/www.aikido-laciotat.fr\/wp-content\/uploads\/2025\/08\/cropped-Logo_Aikido_Club_Ciotaden-removebg-preview.png\" alt=\"logo avec titre\" class=\"wp-image-633\" style=\"width:149px;height:auto\" srcset=\"https:\/\/www.aikido-laciotat.fr\/wp-content\/uploads\/2025\/08\/cropped-Logo_Aikido_Club_Ciotaden-removebg-preview.png 250w, https:\/\/www.aikido-laciotat.fr\/wp-content\/uploads\/2025\/08\/cropped-Logo_Aikido_Club_Ciotaden-removebg-preview-150x150.png 150w, https:\/\/www.aikido-laciotat.fr\/wp-content\/uploads\/2025\/08\/cropped-Logo_Aikido_Club_Ciotaden-removebg-preview-100x100.png 100w\" sizes=\"auto, (max-width: 250px) 100vw, 250px\" \/><\/figure>\n<\/div>","protected":false},"excerpt":{"rendered":"<p>Bienvenue aux jeunes pratiquants d&rsquo;A\u00efkido ! En A\u00efkido, pas d&rsquo;opposition ni comp\u00e9tition,nous travaillons \u00e0 nous am\u00e9liorer avec l&rsquo;aide de nos partenaires. Le cours Junior se d\u00e9roule le mardi de 18h30 \u00e0 20h00et accueille les pratiquants de 10 ans \u00e0 17 ans.Pour les 15 &#8211; 17 ans, vous \u00eates bienvenus au cours adultes,le lundi et le &hellip; <\/p>\n<p class=\"link-more\"><a href=\"https:\/\/www.aikido-laciotat.fr\/?page_id=596\" class=\"more-link\">Continuer la lecture<span class=\"screen-reader-text\"> de &laquo;&nbsp;A\u00efkido Junior (10 &#8211; 17 ans)&nbsp;&raquo;<\/span><\/a><\/p>\n","protected":false},"author":2,"featured_media":0,"parent":0,"menu_order":0,"comment_status":"closed","ping_status":"closed","template":"","meta":{"footnotes":""},"class_list":["post-596","page","type-page","status-publish","hentry"],"_links":{"self":[{"href":"https:\/\/www.aikido-laciotat.fr\/index.php?rest_route=\/wp\/v2\/pages\/596","targetHints":{"allow":["GET"]}}],"collection":[{"href":"https:\/\/www.aikido-laciotat.fr\/index.php?rest_route=\/wp\/v2\/pages"}],"about":[{"href":"https:\/\/www.aikido-laciotat.fr\/index.php?rest_route=\/wp\/v2\/types\/page"}],"author":[{"embeddable":true,"href":"https:\/\/www.aikido-laciotat.fr\/index.php?rest_route=\/wp\/v2\/users\/2"}],"replies":[{"embeddable":true,"href":"https:\/\/www.aikido-laciotat.fr\/index.php?rest_route=%2Fwp%2Fv2%2Fcomments&post=596"}],"version-history":[{"count":15,"href":"https:\/\/www.aikido-laciotat.fr\/index.php?rest_route=\/wp\/v2\/pages\/596\/revisions"}],"predecessor-version":[{"id":764,"href":"https:\/\/www.aikido-laciotat.fr\/index.php?rest_route=\/wp\/v2\/pages\/596\/revisions\/764"}],"wp:attachment":[{"href":"https:\/\/www.aikido-laciotat.fr\/index.php?rest_route=%2Fwp%2Fv2%2Fmedia&parent=596"}],"curies":[{"name":"wp","href":"https:\/\/api.w.org\/{rel}","templated":true}]}}