{"id":525,"date":"2024-05-19T12:56:42","date_gmt":"2024-05-19T10:56:42","guid":{"rendered":"https:\/\/www.aikido-laciotat.fr\/?page_id=525"},"modified":"2025-10-08T12:32:38","modified_gmt":"2025-10-08T10:32:38","slug":"actualites","status":"publish","type":"page","link":"https:\/\/www.aikido-laciotat.fr\/?page_id=525","title":{"rendered":"Actualit\u00e9s"},"content":{"rendered":"\n<p class=\"has-text-align-center has-medium-font-size\" style=\"text-transform:none\"><strong>Stages de Jean-Fran\u00e7ois Riondet 2025 &#8211; 2026<\/strong><\/p>\n\n\n<div class=\"wp-block-image\">\n<figure class=\"aligncenter size-large is-resized\"><img loading=\"lazy\" decoding=\"async\" width=\"724\" height=\"1024\" src=\"https:\/\/www.aikido-laciotat.fr\/wp-content\/uploads\/2025\/09\/affiche-cadre-stage-2026-724x1024.png\" alt=\"\" class=\"wp-image-738\" style=\"width:342px;height:auto\" srcset=\"https:\/\/www.aikido-laciotat.fr\/wp-content\/uploads\/2025\/09\/affiche-cadre-stage-2026-724x1024.png 724w, https:\/\/www.aikido-laciotat.fr\/wp-content\/uploads\/2025\/09\/affiche-cadre-stage-2026-212x300.png 212w, https:\/\/www.aikido-laciotat.fr\/wp-content\/uploads\/2025\/09\/affiche-cadre-stage-2026-768x1086.png 768w, https:\/\/www.aikido-laciotat.fr\/wp-content\/uploads\/2025\/09\/affiche-cadre-stage-2026-1086x1536.png 1086w, https:\/\/www.aikido-laciotat.fr\/wp-content\/uploads\/2025\/09\/affiche-cadre-stage-2026.png 1414w\" sizes=\"auto, (max-width: 724px) 100vw, 724px\" \/><\/figure>\n<\/div>\n\n\n<div style=\"height:40px\" aria-hidden=\"true\" class=\"wp-block-spacer\"><\/div>\n\n\n<div class=\"wp-block-image\">\n<figure class=\"aligncenter size-large is-resized\"><img loading=\"lazy\" decoding=\"async\" width=\"724\" height=\"1024\" src=\"https:\/\/www.aikido-laciotat.fr\/wp-content\/uploads\/2025\/09\/affiche-cadre-bourg-argental-2026-724x1024.png\" alt=\"\" class=\"wp-image-739\" style=\"width:336px;height:auto\" srcset=\"https:\/\/www.aikido-laciotat.fr\/wp-content\/uploads\/2025\/09\/affiche-cadre-bourg-argental-2026-724x1024.png 724w, https:\/\/www.aikido-laciotat.fr\/wp-content\/uploads\/2025\/09\/affiche-cadre-bourg-argental-2026-212x300.png 212w, https:\/\/www.aikido-laciotat.fr\/wp-content\/uploads\/2025\/09\/affiche-cadre-bourg-argental-2026-768x1086.png 768w, https:\/\/www.aikido-laciotat.fr\/wp-content\/uploads\/2025\/09\/affiche-cadre-bourg-argental-2026-1086x1536.png 1086w, https:\/\/www.aikido-laciotat.fr\/wp-content\/uploads\/2025\/09\/affiche-cadre-bourg-argental-2026.png 1414w\" sizes=\"auto, (max-width: 724px) 100vw, 724px\" \/><\/figure>\n<\/div>\n\n\n<p class=\"has-text-align-center has-medium-font-size\"><\/p>\n\n\n\n<p class=\"has-text-align-center has-medium-font-size\"><strong>NOUVEAU :<\/strong><br><strong>Ouverture d&rsquo;un cours JUNIOR (10-17 ans) \u00e0 La Ciotat,<\/strong><br><strong>le Mardi de 18h30 \u00e0 20h00 !! Venez nombreux !!<\/strong><\/p>\n\n\n\n<div style=\"height:40px\" aria-hidden=\"true\" class=\"wp-block-spacer\"><\/div>\n\n\n<div class=\"wp-block-image\">\n<figure class=\"aligncenter size-large is-resized\"><img loading=\"lazy\" decoding=\"async\" width=\"722\" height=\"1024\" src=\"https:\/\/www.aikido-laciotat.fr\/wp-content\/uploads\/2025\/10\/Aikido-Junior-18h30-20h00-722x1024.png\" alt=\"Flyer aikido junior\" class=\"wp-image-761\" style=\"width:407px;height:auto\" srcset=\"https:\/\/www.aikido-laciotat.fr\/wp-content\/uploads\/2025\/10\/Aikido-Junior-18h30-20h00-722x1024.png 722w, https:\/\/www.aikido-laciotat.fr\/wp-content\/uploads\/2025\/10\/Aikido-Junior-18h30-20h00-212x300.png 212w, https:\/\/www.aikido-laciotat.fr\/wp-content\/uploads\/2025\/10\/Aikido-Junior-18h30-20h00-768x1089.png 768w, https:\/\/www.aikido-laciotat.fr\/wp-content\/uploads\/2025\/10\/Aikido-Junior-18h30-20h00-1083x1536.png 1083w, https:\/\/www.aikido-laciotat.fr\/wp-content\/uploads\/2025\/10\/Aikido-Junior-18h30-20h00.png 1410w\" sizes=\"auto, (max-width: 722px) 100vw, 722px\" \/><\/figure>\n<\/div>\n\n\n<div style=\"height:40px\" aria-hidden=\"true\" class=\"wp-block-spacer\"><\/div>\n\n\n\n<hr class=\"wp-block-separator has-alpha-channel-opacity\"\/>\n\n\n\n<p class=\"has-text-align-center has-medium-font-size\"><strong>Merci \u00e0 tous les participants pour ce premier stage de l&rsquo;ann\u00e9e anim\u00e9 par J-F Riondet le 08 d\u00e9cembre 2024.<\/strong><\/p>\n\n\n<div class=\"wp-block-image\">\n<figure class=\"aligncenter size-large is-resized\"><img loading=\"lazy\" decoding=\"async\" width=\"768\" height=\"1024\" src=\"https:\/\/www.aikido-laciotat.fr\/wp-content\/uploads\/2024\/12\/la-ciotat-2-768x1024.jpg\" alt=\"\" class=\"wp-image-561\" style=\"width:365px;height:auto\" srcset=\"https:\/\/www.aikido-laciotat.fr\/wp-content\/uploads\/2024\/12\/la-ciotat-2-768x1024.jpg 768w, https:\/\/www.aikido-laciotat.fr\/wp-content\/uploads\/2024\/12\/la-ciotat-2-225x300.jpg 225w, https:\/\/www.aikido-laciotat.fr\/wp-content\/uploads\/2024\/12\/la-ciotat-2-1152x1536.jpg 1152w, https:\/\/www.aikido-laciotat.fr\/wp-content\/uploads\/2024\/12\/la-ciotat-2.jpg 1200w\" sizes=\"auto, (max-width: 706px) 89vw, (max-width: 767px) 82vw, 740px\" \/><\/figure>\n<\/div>\n\n<div class=\"wp-block-image\">\n<figure class=\"aligncenter size-large is-resized\"><img loading=\"lazy\" decoding=\"async\" width=\"768\" height=\"1024\" src=\"https:\/\/www.aikido-laciotat.fr\/wp-content\/uploads\/2024\/12\/groupe-2-768x1024.jpg\" alt=\"\" class=\"wp-image-562\" style=\"width:371px;height:auto\" srcset=\"https:\/\/www.aikido-laciotat.fr\/wp-content\/uploads\/2024\/12\/groupe-2-768x1024.jpg 768w, https:\/\/www.aikido-laciotat.fr\/wp-content\/uploads\/2024\/12\/groupe-2-225x300.jpg 225w, https:\/\/www.aikido-laciotat.fr\/wp-content\/uploads\/2024\/12\/groupe-2-1152x1536.jpg 1152w, https:\/\/www.aikido-laciotat.fr\/wp-content\/uploads\/2024\/12\/groupe-2.jpg 1200w\" sizes=\"auto, (max-width: 706px) 89vw, (max-width: 767px) 82vw, 740px\" \/><\/figure>\n<\/div>\n\n<div class=\"wp-block-image\">\n<figure class=\"aligncenter size-large is-resized\"><img loading=\"lazy\" decoding=\"async\" width=\"768\" height=\"1024\" src=\"https:\/\/www.aikido-laciotat.fr\/wp-content\/uploads\/2024\/12\/la-ciotat-768x1024.jpg\" alt=\"\" class=\"wp-image-563\" style=\"width:364px;height:auto\" srcset=\"https:\/\/www.aikido-laciotat.fr\/wp-content\/uploads\/2024\/12\/la-ciotat-768x1024.jpg 768w, https:\/\/www.aikido-laciotat.fr\/wp-content\/uploads\/2024\/12\/la-ciotat-225x300.jpg 225w, https:\/\/www.aikido-laciotat.fr\/wp-content\/uploads\/2024\/12\/la-ciotat-1152x1536.jpg 1152w, https:\/\/www.aikido-laciotat.fr\/wp-content\/uploads\/2024\/12\/la-ciotat.jpg 1200w\" sizes=\"auto, (max-width: 706px) 89vw, (max-width: 767px) 82vw, 740px\" \/><\/figure>\n<\/div>\n\n<div class=\"wp-block-image\">\n<figure class=\"aligncenter size-large is-resized\"><img loading=\"lazy\" decoding=\"async\" width=\"768\" height=\"1024\" src=\"https:\/\/www.aikido-laciotat.fr\/wp-content\/uploads\/2024\/12\/la-ciotat-3-768x1024.jpg\" alt=\"\" class=\"wp-image-564\" style=\"width:358px;height:auto\" srcset=\"https:\/\/www.aikido-laciotat.fr\/wp-content\/uploads\/2024\/12\/la-ciotat-3-768x1024.jpg 768w, https:\/\/www.aikido-laciotat.fr\/wp-content\/uploads\/2024\/12\/la-ciotat-3-225x300.jpg 225w, https:\/\/www.aikido-laciotat.fr\/wp-content\/uploads\/2024\/12\/la-ciotat-3-1152x1536.jpg 1152w, https:\/\/www.aikido-laciotat.fr\/wp-content\/uploads\/2024\/12\/la-ciotat-3.jpg 1200w\" sizes=\"auto, (max-width: 706px) 89vw, (max-width: 767px) 82vw, 740px\" \/><\/figure>\n<\/div>\n\n<div class=\"wp-block-image\">\n<figure class=\"aligncenter size-large is-resized\"><img loading=\"lazy\" decoding=\"async\" width=\"768\" height=\"1024\" src=\"https:\/\/www.aikido-laciotat.fr\/wp-content\/uploads\/2024\/12\/groupe-768x1024.jpg\" alt=\"\" class=\"wp-image-566\" style=\"width:354px;height:auto\" srcset=\"https:\/\/www.aikido-laciotat.fr\/wp-content\/uploads\/2024\/12\/groupe-768x1024.jpg 768w, https:\/\/www.aikido-laciotat.fr\/wp-content\/uploads\/2024\/12\/groupe-225x300.jpg 225w, https:\/\/www.aikido-laciotat.fr\/wp-content\/uploads\/2024\/12\/groupe-1152x1536.jpg 1152w, https:\/\/www.aikido-laciotat.fr\/wp-content\/uploads\/2024\/12\/groupe.jpg 1200w\" sizes=\"auto, (max-width: 706px) 89vw, (max-width: 767px) 82vw, 740px\" \/><\/figure>\n<\/div>\n\n\n<hr class=\"wp-block-separator has-alpha-channel-opacity\"\/>\n\n\n\n<p class=\"has-text-align-center has-medium-font-size\"><strong>Bienvenue \u00e0 tous les nouveaux arrivant et nous vous souhaitons \u00e0 tous une belle saison de pratique d&rsquo;a\u00efkido.<\/strong><\/p>\n\n\n<div class=\"wp-block-image\">\n<figure class=\"aligncenter size-large is-resized\"><img loading=\"lazy\" decoding=\"async\" width=\"1024\" height=\"516\" src=\"https:\/\/www.aikido-laciotat.fr\/wp-content\/uploads\/2024\/10\/AIKI-CIOTAT-1024x516.jpg\" alt=\"\" class=\"wp-image-553\" style=\"width:586px;height:auto\" srcset=\"https:\/\/www.aikido-laciotat.fr\/wp-content\/uploads\/2024\/10\/AIKI-CIOTAT-1024x516.jpg 1024w, https:\/\/www.aikido-laciotat.fr\/wp-content\/uploads\/2024\/10\/AIKI-CIOTAT-300x151.jpg 300w, https:\/\/www.aikido-laciotat.fr\/wp-content\/uploads\/2024\/10\/AIKI-CIOTAT-768x387.jpg 768w, https:\/\/www.aikido-laciotat.fr\/wp-content\/uploads\/2024\/10\/AIKI-CIOTAT-1536x774.jpg 1536w, https:\/\/www.aikido-laciotat.fr\/wp-content\/uploads\/2024\/10\/AIKI-CIOTAT-2048x1032.jpg 2048w\" sizes=\"auto, (max-width: 706px) 89vw, (max-width: 767px) 82vw, 740px\" \/><\/figure>\n<\/div>\n\n\n<hr class=\"wp-block-separator has-alpha-channel-opacity\"\/>\n\n\n\n<p class=\"has-text-align-center has-medium-font-size\"><strong>Reprise des cours Lundi 2 Septembre 2024.<\/strong><\/p>\n\n\n\n<hr class=\"wp-block-separator has-alpha-channel-opacity\"\/>\n\n\n\n<p class=\"has-text-align-center has-medium-font-size\"><strong>Merci \u00e0 tous pour votre participation au forum des associations.<\/strong><\/p>\n\n\n<div class=\"wp-block-image\">\n<figure class=\"aligncenter size-large is-resized\"><img loading=\"lazy\" decoding=\"async\" width=\"682\" height=\"1024\" src=\"https:\/\/www.aikido-laciotat.fr\/wp-content\/uploads\/2024\/09\/photo-chute-Christelle-et-Jules-682x1024.jpg\" alt=\"\" class=\"wp-image-549\" style=\"width:420px;height:auto\" srcset=\"https:\/\/www.aikido-laciotat.fr\/wp-content\/uploads\/2024\/09\/photo-chute-Christelle-et-Jules-682x1024.jpg 682w, https:\/\/www.aikido-laciotat.fr\/wp-content\/uploads\/2024\/09\/photo-chute-Christelle-et-Jules-200x300.jpg 200w, https:\/\/www.aikido-laciotat.fr\/wp-content\/uploads\/2024\/09\/photo-chute-Christelle-et-Jules-768x1153.jpg 768w, https:\/\/www.aikido-laciotat.fr\/wp-content\/uploads\/2024\/09\/photo-chute-Christelle-et-Jules.jpg 786w\" sizes=\"auto, (max-width: 682px) 100vw, 682px\" \/><\/figure>\n<\/div>\n\n<div class=\"wp-block-image\">\n<figure class=\"aligncenter size-large is-resized\"><img loading=\"lazy\" decoding=\"async\" width=\"1024\" height=\"768\" src=\"https:\/\/www.aikido-laciotat.fr\/wp-content\/uploads\/2024\/09\/photo-demo-2024-1024x768.jpg\" alt=\"\" class=\"wp-image-548\" style=\"width:550px;height:auto\" srcset=\"https:\/\/www.aikido-laciotat.fr\/wp-content\/uploads\/2024\/09\/photo-demo-2024-1024x768.jpg 1024w, https:\/\/www.aikido-laciotat.fr\/wp-content\/uploads\/2024\/09\/photo-demo-2024-300x225.jpg 300w, https:\/\/www.aikido-laciotat.fr\/wp-content\/uploads\/2024\/09\/photo-demo-2024-768x576.jpg 768w, https:\/\/www.aikido-laciotat.fr\/wp-content\/uploads\/2024\/09\/photo-demo-2024-1536x1152.jpg 1536w, https:\/\/www.aikido-laciotat.fr\/wp-content\/uploads\/2024\/09\/photo-demo-2024.jpg 2000w\" sizes=\"auto, (max-width: 706px) 89vw, (max-width: 767px) 82vw, 740px\" \/><\/figure>\n<\/div>\n\n\n<hr class=\"wp-block-separator has-alpha-channel-opacity\"\/>\n\n\n\n<p class=\"has-text-align-center has-medium-font-size\"><strong>Forum des Associations au Parc du Domaine de la Tour<\/strong> <\/p>\n\n\n\n<p><\/p>\n\n\n\n<hr class=\"wp-block-separator aligncenter has-alpha-channel-opacity\"\/>\n\n\n\n<p class=\"has-text-align-center has-medium-font-size\"><strong>Stage de Jean-Fran\u00e7ois Riondet du 9 au 12 mai \u00e0 Bourg-Argental.<\/strong><\/p>\n\n\n\n<p class=\"has-text-align-center has-medium-font-size\"><strong>Quelques Photos du Kobayashi Ryu Hombu Dojo de Bourg Argental.<\/strong><\/p>\n\n\n<div class=\"wp-block-image\">\n<figure class=\"alignright is-resized\"><img decoding=\"async\" src=\"https:\/\/aikido-buikukanprovence.fr\/wp-content\/uploads\/2024\/05\/MLT_2024-2-1024x684.jpg\" alt=\"\" class=\"wp-image-326\" style=\"width:299px;height:auto\"\/><\/figure>\n<\/div>\n\n\n<figure class=\"wp-block-image is-resized\"><img decoding=\"async\" src=\"https:\/\/aikido-buikukanprovence.fr\/wp-content\/uploads\/2024\/05\/MLT_2025-1-1024x684.jpg\" alt=\"\" class=\"wp-image-324\" style=\"width:319px;height:auto\"\/><\/figure>\n\n\n<div class=\"wp-block-image\">\n<figure class=\"alignright is-resized\"><img decoding=\"async\" src=\"https:\/\/aikido-buikukanprovence.fr\/wp-content\/uploads\/2024\/05\/MLT_2105-1024x684.jpg\" alt=\"\" class=\"wp-image-313\" style=\"width:283px;height:auto\"\/><\/figure>\n<\/div>\n\n\n<figure class=\"wp-block-image is-resized\"><img decoding=\"async\" src=\"https:\/\/aikido-buikukanprovence.fr\/wp-content\/uploads\/2024\/05\/MLT_2099-1024x684.jpg\" alt=\"\" class=\"wp-image-312\" style=\"width:317px;height:auto\"\/><\/figure>\n\n\n<div class=\"wp-block-image\">\n<figure class=\"alignright is-resized\"><img decoding=\"async\" src=\"https:\/\/aikido-buikukanprovence.fr\/wp-content\/uploads\/2024\/05\/MLT_2102-2-1024x684.jpg\" alt=\"\" class=\"wp-image-309\" style=\"width:293px;height:auto\"\/><\/figure>\n<\/div>\n\n\n<figure class=\"wp-block-image is-resized\"><img decoding=\"async\" src=\"https:\/\/aikido-buikukanprovence.fr\/wp-content\/uploads\/2024\/05\/MLT_2012-1024x684.jpg\" alt=\"\" class=\"wp-image-305\" style=\"width:304px;height:auto\"\/><\/figure>\n\n\n\n<hr class=\"wp-block-separator has-alpha-channel-opacity\"\/>\n\n\n<div class=\"wp-block-image\">\n<figure class=\"aligncenter is-resized\"><img decoding=\"async\" src=\"https:\/\/aikido-buikukanprovence.fr\/wp-content\/uploads\/2024\/05\/MLT_2091_1-1024x684.jpg\" alt=\"\" class=\"wp-image-303\" style=\"width:591px;height:auto\"\/><\/figure>\n<\/div>\n\n\n<p class=\"has-text-align-center has-medium-font-size\"><strong>Merci \u00e0 tous les participants \u00e0 ce magnifique stage de Jean-Fran\u00e7ois Riondet qui a eu lieu du 9 au 12 mai 2024 \u00e0 Bourg-Argental.<\/strong><\/p>\n\n\n\n<p class=\"has-text-align-center has-medium-font-size\"><strong>Merci \u00e0 M\u00b0 Andr\u00e9 Cognard et \u00e0 ses \u00e9l\u00e8ves pour leur accueil dans ce lieu si propice \u00e0 la pratique.<\/strong><\/p>\n\n\n<div class=\"wp-block-image\">\n<figure class=\"aligncenter is-resized\"><img decoding=\"async\" src=\"https:\/\/aikido-buikukanprovence.fr\/wp-content\/uploads\/2024\/05\/MLT_2038-1024x684.jpg\" alt=\"\" class=\"wp-image-302\" style=\"width:603px;height:auto\"\/><\/figure>\n<\/div>\n\n\n<hr class=\"wp-block-separator has-alpha-channel-opacity\"\/>\n\n\n\n<h2 class=\"wp-block-heading has-text-align-center has-medium-font-size\"><\/h2>\n\n\n\n<h2 class=\"wp-block-heading has-text-align-center has-medium-font-size\"><a href=\"https:\/\/www.aikido-laciotat.fr\/?p=509\"><strong>Meilleurs V\u0153ux pour 2024 !<\/strong><\/a><\/h2>\n\n\n<div class=\"wp-block-image\">\n<figure class=\"aligncenter is-resized\"><img loading=\"lazy\" decoding=\"async\" width=\"1024\" height=\"557\" src=\"https:\/\/www.aikido-laciotat.fr\/wp-content\/uploads\/2024\/01\/photo-aiki-ciotat-janvier-2024-coupe-1024x557.jpg\" alt=\"Photo de groupe\" class=\"wp-image-510\" style=\"width:590px;height:auto\" srcset=\"https:\/\/www.aikido-laciotat.fr\/wp-content\/uploads\/2024\/01\/photo-aiki-ciotat-janvier-2024-coupe-1024x557.jpg 1024w, https:\/\/www.aikido-laciotat.fr\/wp-content\/uploads\/2024\/01\/photo-aiki-ciotat-janvier-2024-coupe-300x163.jpg 300w, https:\/\/www.aikido-laciotat.fr\/wp-content\/uploads\/2024\/01\/photo-aiki-ciotat-janvier-2024-coupe-768x418.jpg 768w, https:\/\/www.aikido-laciotat.fr\/wp-content\/uploads\/2024\/01\/photo-aiki-ciotat-janvier-2024-coupe-1536x836.jpg 1536w, https:\/\/www.aikido-laciotat.fr\/wp-content\/uploads\/2024\/01\/photo-aiki-ciotat-janvier-2024-coupe-2048x1114.jpg 2048w\" sizes=\"auto, (max-width: 706px) 89vw, (max-width: 767px) 82vw, 740px\" \/><\/figure>\n<\/div>\n\n\n<hr class=\"wp-block-separator has-alpha-channel-opacity\"\/>\n","protected":false},"excerpt":{"rendered":"<p>Stages de Jean-Fran\u00e7ois Riondet 2025 &#8211; 2026 NOUVEAU :Ouverture d&rsquo;un cours JUNIOR (10-17 ans) \u00e0 La Ciotat,le Mardi de 18h30 \u00e0 20h00 !! Venez nombreux !! Merci \u00e0 tous les participants pour ce premier stage de l&rsquo;ann\u00e9e anim\u00e9 par J-F Riondet le 08 d\u00e9cembre 2024. Bienvenue \u00e0 tous les nouveaux arrivant et nous vous souhaitons &hellip; <\/p>\n<p class=\"link-more\"><a href=\"https:\/\/www.aikido-laciotat.fr\/?page_id=525\" class=\"more-link\">Continuer la lecture<span class=\"screen-reader-text\"> de &laquo;&nbsp;Actualit\u00e9s&nbsp;&raquo;<\/span><\/a><\/p>\n","protected":false},"author":2,"featured_media":0,"parent":0,"menu_order":0,"comment_status":"closed","ping_status":"closed","template":"","meta":{"footnotes":""},"class_list":["post-525","page","type-page","status-publish","hentry"],"_links":{"self":[{"href":"https:\/\/www.aikido-laciotat.fr\/index.php?rest_route=\/wp\/v2\/pages\/525","targetHints":{"allow":["GET"]}}],"collection":[{"href":"https:\/\/www.aikido-laciotat.fr\/index.php?rest_route=\/wp\/v2\/pages"}],"about":[{"href":"https:\/\/www.aikido-laciotat.fr\/index.php?rest_route=\/wp\/v2\/types\/page"}],"author":[{"embeddable":true,"href":"https:\/\/www.aikido-laciotat.fr\/index.php?rest_route=\/wp\/v2\/users\/2"}],"replies":[{"embeddable":true,"href":"https:\/\/www.aikido-laciotat.fr\/index.php?rest_route=%2Fwp%2Fv2%2Fcomments&post=525"}],"version-history":[{"count":29,"href":"https:\/\/www.aikido-laciotat.fr\/index.php?rest_route=\/wp\/v2\/pages\/525\/revisions"}],"predecessor-version":[{"id":763,"href":"https:\/\/www.aikido-laciotat.fr\/index.php?rest_route=\/wp\/v2\/pages\/525\/revisions\/763"}],"wp:attachment":[{"href":"https:\/\/www.aikido-laciotat.fr\/index.php?rest_route=%2Fwp%2Fv2%2Fmedia&parent=525"}],"curies":[{"name":"wp","href":"https:\/\/api.w.org\/{rel}","templated":true}]}}