{"id":25,"date":"2023-06-08T23:48:00","date_gmt":"2023-06-08T21:48:00","guid":{"rendered":"https:\/\/www.aikido-laciotat.fr\/?page_id=25"},"modified":"2025-10-08T12:30:55","modified_gmt":"2025-10-08T10:30:55","slug":"accueil","status":"publish","type":"page","link":"https:\/\/www.aikido-laciotat.fr\/","title":{"rendered":"Bienvenue"},"content":{"rendered":"<div class=\"wp-block-image\">\n<figure class=\"aligncenter size-full is-resized\"><img loading=\"lazy\" decoding=\"async\" width=\"250\" height=\"250\" src=\"https:\/\/www.aikido-laciotat.fr\/wp-content\/uploads\/2025\/08\/cropped-Logo_Aikido_Club_Ciotaden-removebg-preview.png\" alt=\"logo avec titre\" class=\"wp-image-633\" style=\"width:175px;height:auto\" srcset=\"https:\/\/www.aikido-laciotat.fr\/wp-content\/uploads\/2025\/08\/cropped-Logo_Aikido_Club_Ciotaden-removebg-preview.png 250w, https:\/\/www.aikido-laciotat.fr\/wp-content\/uploads\/2025\/08\/cropped-Logo_Aikido_Club_Ciotaden-removebg-preview-150x150.png 150w, https:\/\/www.aikido-laciotat.fr\/wp-content\/uploads\/2025\/08\/cropped-Logo_Aikido_Club_Ciotaden-removebg-preview-100x100.png 100w\" sizes=\"auto, (max-width: 250px) 100vw, 250px\" \/><\/figure>\n<\/div>\n\n\n<div style=\"height:40px\" aria-hidden=\"true\" class=\"wp-block-spacer\"><\/div>\n\n\n\n<p class=\"has-text-align-center has-medium-font-size\">L&rsquo;A\u00efkido est un art martial japonais non-comp\u00e9titif cr\u00e9\u00e9 par O&rsquo;Sensei <strong>Morihei Ueshiba<\/strong> (1883-1969).<br><br>Un des disciples du fondateur,<strong> Hirokazu Kobayashi<\/strong> Sensei (1929-1998) a pratiqu\u00e9 et transmis les enseignements d&rsquo;\u00d4 Sense\u00ef.<br><br>En 1982, <strong>Jean-Fran\u00e7ois Riondet<\/strong>, \u00e9l\u00e8ve de Ma\u00eetre Kobayashi a cr\u00e9\u00e9 l&rsquo;\u00e9cole <a href=\"https:\/\/aikido-buikukanprovence.fr\/\" data-type=\"link\" data-id=\"https:\/\/aikido-buikukanprovence.fr\/\">Bu Iku Kan Provence<\/a>.<br><br>Son \u00e9l\u00e8ve, <strong>Jean-Pierre Scarsi<\/strong> est notre enseignant \u00e0 La Ciotat.<\/p>\n\n\n\n<div style=\"height:40px\" aria-hidden=\"true\" class=\"wp-block-spacer\"><\/div>\n\n\n<div class=\"wp-block-image\">\n<figure class=\"aligncenter size-full is-resized\"><img loading=\"lazy\" decoding=\"async\" width=\"382\" height=\"600\" src=\"https:\/\/www.aikido-laciotat.fr\/wp-content\/uploads\/2023\/08\/328fff17f0fd64cc53c532e9ec1f5f87.jpg\" alt=\"Dessin encre bambou\" class=\"wp-image-254\" style=\"width:184px;height:auto\" srcset=\"https:\/\/www.aikido-laciotat.fr\/wp-content\/uploads\/2023\/08\/328fff17f0fd64cc53c532e9ec1f5f87.jpg 382w, https:\/\/www.aikido-laciotat.fr\/wp-content\/uploads\/2023\/08\/328fff17f0fd64cc53c532e9ec1f5f87-191x300.jpg 191w\" sizes=\"auto, (max-width: 382px) 100vw, 382px\" \/><\/figure>\n<\/div>\n\n\n<div style=\"height:40px\" aria-hidden=\"true\" class=\"wp-block-spacer\"><\/div>\n\n\n\n<p class=\"has-text-align-center has-medium-font-size\">La pratique de l&rsquo;<strong>A\u00efkido<\/strong> m\u00e8ne \u00e0 la recherche d&rsquo;<strong>harmonie<\/strong> entre les partenaires.<br>Les techniques enseign\u00e9es s&rsquo;appuient sur les principes d&rsquo;<strong>esquive<\/strong>, de <strong>non-opposition<\/strong> de <strong>d\u00e9s\u00e9quilibre<\/strong>, de <strong>chute<\/strong> et de <strong>contr\u00f4le<\/strong>.<br><br>La pratique est b\u00e9n\u00e9fique pour la <strong>sant\u00e9<\/strong>. Les mouvements respectent l&rsquo;<strong>int\u00e9grit\u00e9 physique<\/strong> des pratiquants.<br><br>L&rsquo;A\u00efkido est <strong>accessible<\/strong> \u00e0 toutes et tous quels que soient la morphologie, les capacit\u00e9s physiques ou l&rsquo;\u00e2ge.<br><br>Apr\u00e8s un \u00e9chauffement nomm\u00e9 Ta\u00efso, le professeur propose d&rsquo;explorer les techniques \u00e0 mains nues ou aux armes (le Jo : b\u00e2ton et le Bokken : sabre en bois).<br><br>Nous nous exer\u00e7ons dans la bonne humeur et la bienveillance.<\/p>\n\n\n\n<div style=\"height:40px\" aria-hidden=\"true\" class=\"wp-block-spacer\"><\/div>\n\n\n<div class=\"wp-block-image\">\n<figure class=\"aligncenter size-full is-resized\"><img loading=\"lazy\" decoding=\"async\" width=\"424\" height=\"600\" src=\"https:\/\/www.aikido-laciotat.fr\/wp-content\/uploads\/2023\/08\/b2b47d9cb0af8523ce8748eba5515e2c.jpg\" alt=\"vague\" class=\"wp-image-258\" style=\"width:154px;height:auto\" srcset=\"https:\/\/www.aikido-laciotat.fr\/wp-content\/uploads\/2023\/08\/b2b47d9cb0af8523ce8748eba5515e2c.jpg 424w, https:\/\/www.aikido-laciotat.fr\/wp-content\/uploads\/2023\/08\/b2b47d9cb0af8523ce8748eba5515e2c-212x300.jpg 212w\" sizes=\"auto, (max-width: 424px) 100vw, 424px\" \/><\/figure>\n<\/div>","protected":false},"excerpt":{"rendered":"<p>L&rsquo;A\u00efkido est un art martial japonais non-comp\u00e9titif cr\u00e9\u00e9 par O&rsquo;Sensei Morihei Ueshiba (1883-1969). Un des disciples du fondateur, Hirokazu Kobayashi Sensei (1929-1998) a pratiqu\u00e9 et transmis les enseignements d&rsquo;\u00d4 Sense\u00ef. En 1982, Jean-Fran\u00e7ois Riondet, \u00e9l\u00e8ve de Ma\u00eetre Kobayashi a cr\u00e9\u00e9 l&rsquo;\u00e9cole Bu Iku Kan Provence. Son \u00e9l\u00e8ve, Jean-Pierre Scarsi est notre enseignant \u00e0 La Ciotat. &hellip; <\/p>\n<p class=\"link-more\"><a href=\"https:\/\/www.aikido-laciotat.fr\/\" class=\"more-link\">Continuer la lecture<span class=\"screen-reader-text\"> de &laquo;&nbsp;Bienvenue&nbsp;&raquo;<\/span><\/a><\/p>\n","protected":false},"author":1,"featured_media":79,"parent":0,"menu_order":0,"comment_status":"closed","ping_status":"closed","template":"","meta":{"footnotes":""},"class_list":["post-25","page","type-page","status-publish","has-post-thumbnail","hentry"],"_links":{"self":[{"href":"https:\/\/www.aikido-laciotat.fr\/index.php?rest_route=\/wp\/v2\/pages\/25","targetHints":{"allow":["GET"]}}],"collection":[{"href":"https:\/\/www.aikido-laciotat.fr\/index.php?rest_route=\/wp\/v2\/pages"}],"about":[{"href":"https:\/\/www.aikido-laciotat.fr\/index.php?rest_route=\/wp\/v2\/types\/page"}],"author":[{"embeddable":true,"href":"https:\/\/www.aikido-laciotat.fr\/index.php?rest_route=\/wp\/v2\/users\/1"}],"replies":[{"embeddable":true,"href":"https:\/\/www.aikido-laciotat.fr\/index.php?rest_route=%2Fwp%2Fv2%2Fcomments&post=25"}],"version-history":[{"count":38,"href":"https:\/\/www.aikido-laciotat.fr\/index.php?rest_route=\/wp\/v2\/pages\/25\/revisions"}],"predecessor-version":[{"id":759,"href":"https:\/\/www.aikido-laciotat.fr\/index.php?rest_route=\/wp\/v2\/pages\/25\/revisions\/759"}],"wp:featuredmedia":[{"embeddable":true,"href":"https:\/\/www.aikido-laciotat.fr\/index.php?rest_route=\/wp\/v2\/media\/79"}],"wp:attachment":[{"href":"https:\/\/www.aikido-laciotat.fr\/index.php?rest_route=%2Fwp%2Fv2%2Fmedia&parent=25"}],"curies":[{"name":"wp","href":"https:\/\/api.w.org\/{rel}","templated":true}]}}